{"id":139,"date":"2019-11-14T09:05:56","date_gmt":"2019-11-14T09:05:56","guid":{"rendered":"http:\/\/shtheme.com\/demosd\/transpixwp\/?page_id=139"},"modified":"2024-09-10T12:51:42","modified_gmt":"2024-09-10T12:51:42","slug":"contact","status":"publish","type":"page","link":"https:\/\/globaldeliverycargo.com\/index.php\/contact\/","title":{"rendered":"CONTACT"},"content":{"rendered":"\t\t<div data-elementor-type=\"wp-post\" data-elementor-id=\"139\" class=\"elementor elementor-139\">\n\t\t\t\t\t\t<section class=\"elementor-section elementor-top-section elementor-element elementor-element-159d33a elementor-section-full_width elementor-section-height-default elementor-section-height-default\" data-id=\"159d33a\" data-element_type=\"section\">\n\t\t\t\t\t\t<div class=\"elementor-container elementor-column-gap-default\">\n\t\t\t\t\t<div class=\"elementor-column elementor-col-100 elementor-top-column elementor-element elementor-element-4d4ade2\" data-id=\"4d4ade2\" data-element_type=\"column\">\n\t\t\t<div class=\"elementor-widget-wrap elementor-element-populated\">\n\t\t\t\t\t\t<div class=\"elementor-element elementor-element-8b4df3a elementor-align-left elementor-widget elementor-widget-bdevs-banner\" data-id=\"8b4df3a\" data-element_type=\"widget\" data-widget_type=\"bdevs-banner.default\">\n\t\t\t\t<div class=\"elementor-widget-container\">\n\t\t\t\t\t\t<div class=\"breadcrumb-area about-breadcrumb-bg\" style=\"background-image: url(https:\/\/i0.wp.com\/globaldeliverycargo.com\/wp-content\/uploads\/2019\/12\/breadcrumb.jpg?fit=1920%2C768&#038;ssl=1);\">\n         <div class=\"container\">\n            <div class=\"row\">\n               <div class=\"col-lg-7\">\n                  <div class=\"breadcrumb-txt\">\n                  \t                     <span>Contact<\/span>\n                                                             <h1>keep in touch with us for help<\/h1>\n                                                             <nav aria-label=\"breadcrumb\">\n                        <ol class=\"breadcrumb\">\n                           <li class=\"breadcrumb-item\"><a href=\"https:\/\/globaldeliverycargo.com\/\">Home<\/a><\/li>\n                           <li class=\"breadcrumb-item active\" aria-current=\"page\">Contact<\/li>\n                        <\/ol>\n                     <\/nav>\n                                      <\/div>\n               <\/div>\n            <\/div>\n         <\/div>\n         <div class=\"breadcrumb-overlay\"><\/div>\n    <\/div>\n\t\t\t\t\t<\/div>\n\t\t\t\t<\/div>\n\t\t\t\t\t<\/div>\n\t\t<\/div>\n\t\t\t\t\t<\/div>\n\t\t<\/section>\n\t\t\t\t<section class=\"elementor-section elementor-top-section elementor-element elementor-element-04a32ce elementor-section-full_width elementor-section-height-default elementor-section-height-default\" data-id=\"04a32ce\" data-element_type=\"section\">\n\t\t\t\t\t\t<div class=\"elementor-container elementor-column-gap-default\">\n\t\t\t\t\t<div class=\"elementor-column elementor-col-100 elementor-top-column elementor-element elementor-element-33a9dca\" data-id=\"33a9dca\" data-element_type=\"column\">\n\t\t\t<div class=\"elementor-widget-wrap elementor-element-populated\">\n\t\t\t\t\t\t<div class=\"elementor-element elementor-element-d24405c elementor-align-left elementor-widget elementor-widget-bdevs-contact\" data-id=\"d24405c\" data-element_type=\"widget\" data-widget_type=\"bdevs-contact.default\">\n\t\t\t\t<div class=\"elementor-widget-container\">\n\t\t\t\t\t\t   \t<div class=\"contact-section\">\n\t         <div class=\"container\">\n\t            <!--  contact infos start  -->\n\t            <div class=\"contact-infos\">\n\t               <div class=\"row no-gutters\">\n\t               \t\t                  <div class=\"col-lg-4 single-info-col\">\n\t                     <div class=\"single-info wow fadeInRight\" data-wow-duration=\"1s\" data-wow-delay=\"0s\">\n\t                        <div class=\"icon-wrapper\"><i class=\"fas fa-home\"><\/i><\/div>\n\t                        <div class=\"info-txt\">\n\t                           <p>\u00c7akmakl\u0131, Had\u0131mk\u00f6y Yolu Cd No:67 D:2 6, 34500 B\u00fcy\u00fck\u00e7ekmece\/\u0130stanbul, T\u00fcrkiye<\/p>\t                        <\/div>\n\t                     <\/div>\n\t                  <\/div>\n\t                \t                  <div class=\"col-lg-4 single-info-col\">\n\t                     <div class=\"single-info wow fadeInRight\" data-wow-duration=\"1s\" data-wow-delay=\".2s\">\n\t                        <div class=\"icon-wrapper\"><i class=\"fas fa-phone\"><\/i><\/div>\n\t                        <div class=\"info-txt\">\n\t                           <p>+1 (541) 933-5721<\/p>\t                        <\/div>\n\t                     <\/div>\n\t                  <\/div>\n\t                \t                  <div class=\"col-lg-4 single-info-col\">\n\t                     <div class=\"single-info wow fadeInRight\" data-wow-duration=\"1s\" data-wow-delay=\".4s\">\n\t                        <div class=\"icon-wrapper\"><i class=\"far fa-envelope\"><\/i><\/div>\n\t                        <div class=\"info-txt\">\n\t                           <div class=\"col-lg-4\"><div class=\"support-info\"><div class=\"right-content\"><a href=\"mailto:ontact@globaldeliverycargo.com\">contact@globaldeliverycargo.com<\/a><\/div><\/div><\/div>\t                        <\/div>\n\t                     <\/div>\n\t                  <\/div>\n\t                \t               <\/div>\n\t            <\/div>\n\t            <!--  contact infos end  -->\n\t            <!--  contact form and map start  -->\n\t            <div class=\"contact-form-section\">\n\t               <div class=\"row\">\n\t                  <div class=\"col-lg-6\">\n\t                  \t\t                     <span class=\"title\">Contact<\/span>\n\t                    \t                     \t                     <h2 class=\"subtitle\">KEEP IN TOUCH<\/h2>\n\t                    \t                     \n<div class=\"wpcf7 no-js\" id=\"wpcf7-f8-o1\" lang=\"en-US\" dir=\"ltr\" data-wpcf7-id=\"8\">\n<div class=\"screen-reader-response\"><p role=\"status\" aria-live=\"polite\" aria-atomic=\"true\"><\/p> <ul><\/ul><\/div>\n<form action=\"\/index.php\/wp-json\/wp\/v2\/pages\/139#wpcf7-f8-o1\" method=\"post\" class=\"wpcf7-form init\" aria-label=\"Contact form\" novalidate=\"novalidate\" data-status=\"init\">\n<fieldset class=\"hidden-fields-container\"><input type=\"hidden\" name=\"_wpcf7\" value=\"8\" \/><input type=\"hidden\" name=\"_wpcf7_version\" value=\"6.1.3\" \/><input type=\"hidden\" name=\"_wpcf7_locale\" value=\"en_US\" \/><input type=\"hidden\" name=\"_wpcf7_unit_tag\" value=\"wpcf7-f8-o1\" \/><input type=\"hidden\" name=\"_wpcf7_container_post\" value=\"0\" \/><input type=\"hidden\" name=\"_wpcf7_posted_data_hash\" value=\"\" \/>\n<\/fieldset>\n<div>\n\t<div class=\"row\">\n\t\t<div class=\"col-md-6\">\n\t\t\t<div class=\"form-element\">\n\t\t\t\t<p><span class=\"wpcf7-form-control-wrap\" data-name=\"names\"><input size=\"40\" maxlength=\"400\" class=\"wpcf7-form-control wpcf7-text wpcf7-validates-as-required\" aria-required=\"true\" aria-invalid=\"false\" placeholder=\"Name\" value=\"\" type=\"text\" name=\"names\" \/><\/span>\n\t\t\t\t<\/p>\n\t\t\t<\/div>\n\t\t<\/div>\n\t\t<div class=\"col-md-6\">\n\t\t\t<div class=\"form-element\">\n\t\t\t\t<p><span class=\"wpcf7-form-control-wrap\" data-name=\"email\"><input size=\"40\" maxlength=\"400\" class=\"wpcf7-form-control wpcf7-email wpcf7-validates-as-required wpcf7-text wpcf7-validates-as-email\" aria-required=\"true\" aria-invalid=\"false\" placeholder=\"Email\" value=\"\" type=\"email\" name=\"email\" \/><\/span>\n\t\t\t\t<\/p>\n\t\t\t<\/div>\n\t\t<\/div>\n\t\t<div class=\"col-md-6\">\n\t\t\t<div class=\"form-element\">\n\t\t\t\t<p><span class=\"wpcf7-form-control-wrap\" data-name=\"phone\"><input size=\"40\" maxlength=\"400\" class=\"wpcf7-form-control wpcf7-text wpcf7-validates-as-required\" aria-required=\"true\" aria-invalid=\"false\" placeholder=\"Phone\" value=\"\" type=\"text\" name=\"phone\" \/><\/span>\n\t\t\t\t<\/p>\n\t\t\t<\/div>\n\t\t<\/div>\n\t\t<div class=\"col-md-6\">\n\t\t\t<div class=\"form-element\">\n\t\t\t\t<p><span class=\"wpcf7-form-control-wrap\" data-name=\"subject\"><input size=\"40\" maxlength=\"400\" class=\"wpcf7-form-control wpcf7-text wpcf7-validates-as-required\" aria-required=\"true\" aria-invalid=\"false\" placeholder=\"Subject\" value=\"\" type=\"text\" name=\"subject\" \/><\/span>\n\t\t\t\t<\/p>\n\t\t\t<\/div>\n\t\t<\/div>\n\t\t<div class=\"col-md-12\">\n\t\t\t<div class=\"form-element\">\n\t\t\t\t<p><span class=\"wpcf7-form-control-wrap\" data-name=\"comment\"><textarea cols=\"30\" rows=\"10\" maxlength=\"2000\" class=\"wpcf7-form-control wpcf7-textarea wpcf7-validates-as-required\" aria-required=\"true\" aria-invalid=\"false\" placeholder=\"Comment\" name=\"comment\"><\/textarea><\/span>\n\t\t\t\t<\/p>\n\t\t\t<\/div>\n\t\t<\/div>\n\t\t<div class=\"col-md-12\">\n\t\t\t<div class=\"form-element\">\n\t\t\t\t<p><input class=\"wpcf7-form-control wpcf7-submit has-spinner\" type=\"submit\" value=\"Submit\" \/>\n\t\t\t\t<\/p>\n\t\t\t<\/div>\n\t\t<\/div>\n\t<\/div>\n<\/div><div class=\"wpcf7-response-output\" aria-hidden=\"true\"><\/div>\n<\/form>\n<\/div>\n\t                  <\/div>\n\t                  <div class=\"col-lg-6\">\n\t                     <div class=\"map-wrapper\">\n\t                     \t\t<iframe src=\"\" width=\"540\" height=\"524\" frameborder=\"0\" style=\"border:0;\" allowfullscreen=\"\"><\/iframe>\n\t                     <\/div>\n\t                  <\/div>\n\t               <\/div>\n\t            <\/div>\n\t            <!--  contact form and map end  -->\n\t         <\/div>\n\t      <\/div>\n\t\t\t\t\t<\/div>\n\t\t\t\t<\/div>\n\t\t\t\t\t<\/div>\n\t\t<\/div>\n\t\t\t\t\t<\/div>\n\t\t<\/section>\n\t\t\t\t<\/div>\n\t\t","protected":false},"excerpt":{"rendered":"<p>Contact keep in touch with us for help Home Contact \u00c7akmakl\u0131, Had\u0131mk\u00f6y Yolu Cd No:67 D:2 6, 34500 B\u00fcy\u00fck\u00e7ekmece\/\u0130stanbul, T\u00fcrkiye +1 (541) 933-5721 contact@globaldeliverycargo.com Contact KEEP IN TOUCH<\/p>\n","protected":false},"author":1,"featured_media":0,"parent":0,"menu_order":0,"comment_status":"closed","ping_status":"closed","template":"page-templates\/home-1.php","meta":{"_monsterinsights_skip_tracking":false,"_monsterinsights_sitenote_active":false,"_monsterinsights_sitenote_note":"","_monsterinsights_sitenote_category":0,"footnotes":""},"class_list":["post-139","page","type-page","status-publish","hentry"],"jetpack_sharing_enabled":true,"_links":{"self":[{"href":"https:\/\/globaldeliverycargo.com\/index.php\/wp-json\/wp\/v2\/pages\/139","targetHints":{"allow":["GET"]}}],"collection":[{"href":"https:\/\/globaldeliverycargo.com\/index.php\/wp-json\/wp\/v2\/pages"}],"about":[{"href":"https:\/\/globaldeliverycargo.com\/index.php\/wp-json\/wp\/v2\/types\/page"}],"author":[{"embeddable":true,"href":"https:\/\/globaldeliverycargo.com\/index.php\/wp-json\/wp\/v2\/users\/1"}],"replies":[{"embeddable":true,"href":"https:\/\/globaldeliverycargo.com\/index.php\/wp-json\/wp\/v2\/comments?post=139"}],"version-history":[{"count":13,"href":"https:\/\/globaldeliverycargo.com\/index.php\/wp-json\/wp\/v2\/pages\/139\/revisions"}],"predecessor-version":[{"id":1577,"href":"https:\/\/globaldeliverycargo.com\/index.php\/wp-json\/wp\/v2\/pages\/139\/revisions\/1577"}],"wp:attachment":[{"href":"https:\/\/globaldeliverycargo.com\/index.php\/wp-json\/wp\/v2\/media?parent=139"}],"curies":[{"name":"wp","href":"https:\/\/api.w.org\/{rel}","templated":true}]}}